{"id":41,"date":"2026-01-02T15:29:16","date_gmt":"2026-01-02T14:29:16","guid":{"rendered":"https:\/\/lexavis.fr\/?page_id=41"},"modified":"2026-01-02T15:29:17","modified_gmt":"2026-01-02T14:29:17","slug":"politique-de-confidentialite","status":"publish","type":"page","link":"https:\/\/lexavis.fr\/index.php\/politique-de-confidentialite\/","title":{"rendered":"Politique de confidentialit\u00e9"},"content":{"rendered":"","protected":false},"excerpt":{"rendered":"","protected":false},"author":1,"featured_media":0,"parent":0,"menu_order":0,"comment_status":"closed","ping_status":"closed","template":"","meta":{"footnotes":""},"class_list":["post-41","page","type-page","status-publish","hentry","entry"],"yoast_head":"<!-- This site is optimized with the Yoast SEO plugin v27.0 - https:\/\/yoast.com\/product\/yoast-seo-wordpress\/ -->\n<title>Politique de confidentialit\u00e9 - Lexavis<\/title>\n<meta name=\"robots\" content=\"index, follow, max-snippet:-1, max-image-preview:large, max-video-preview:-1\" \/>\n<link rel=\"canonical\" href=\"http:\/\/lexavis.fr\/index.php\/politique-de-confidentialite\/\" \/>\n<meta property=\"og:locale\" content=\"fr_FR\" \/>\n<meta property=\"og:type\" content=\"article\" \/>\n<meta property=\"og:title\" content=\"Politique de confidentialit\u00e9 - Lexavis\" \/>\n<meta property=\"og:url\" content=\"http:\/\/lexavis.fr\/index.php\/politique-de-confidentialite\/\" \/>\n<meta property=\"og:site_name\" content=\"Lexavis\" \/>\n<meta property=\"article:modified_time\" content=\"2026-01-02T14:29:17+00:00\" \/>\n<meta name=\"twitter:card\" content=\"summary_large_image\" \/>\n<script type=\"application\/ld+json\" class=\"yoast-schema-graph\">{\"@context\":\"https:\/\/schema.org\",\"@graph\":[{\"@type\":\"WebPage\",\"@id\":\"http:\/\/lexavis.fr\/index.php\/politique-de-confidentialite\/\",\"url\":\"http:\/\/lexavis.fr\/index.php\/politique-de-confidentialite\/\",\"name\":\"Politique de confidentialit\u00e9 - Lexavis\",\"isPartOf\":{\"@id\":\"http:\/\/lexavis.fr\/#website\"},\"datePublished\":\"2026-01-02T14:29:16+00:00\",\"dateModified\":\"2026-01-02T14:29:17+00:00\",\"breadcrumb\":{\"@id\":\"http:\/\/lexavis.fr\/index.php\/politique-de-confidentialite\/#breadcrumb\"},\"inLanguage\":\"fr-FR\",\"potentialAction\":[{\"@type\":\"ReadAction\",\"target\":[\"http:\/\/lexavis.fr\/index.php\/politique-de-confidentialite\/\"]}]},{\"@type\":\"BreadcrumbList\",\"@id\":\"http:\/\/lexavis.fr\/index.php\/politique-de-confidentialite\/#breadcrumb\",\"itemListElement\":[{\"@type\":\"ListItem\",\"position\":1,\"name\":\"Accueil\",\"item\":\"http:\/\/lexavis.fr\/\"},{\"@type\":\"ListItem\",\"position\":2,\"name\":\"Politique de confidentialit\u00e9\"}]},{\"@type\":\"WebSite\",\"@id\":\"http:\/\/lexavis.fr\/#website\",\"url\":\"http:\/\/lexavis.fr\/\",\"name\":\"Lexavis\",\"description\":\"Assistance administrative et juridique* pour particuliers et entreprises. D\u00e9marches administratives, formalit\u00e9s, documentations, proc\u00e9dures et beaucoup d&#039;atures!\",\"publisher\":{\"@id\":\"http:\/\/lexavis.fr\/#organization\"},\"potentialAction\":[{\"@type\":\"SearchAction\",\"target\":{\"@type\":\"EntryPoint\",\"urlTemplate\":\"http:\/\/lexavis.fr\/?s={search_term_string}\"},\"query-input\":{\"@type\":\"PropertyValueSpecification\",\"valueRequired\":true,\"valueName\":\"search_term_string\"}}],\"inLanguage\":\"fr-FR\"},{\"@type\":\"Organization\",\"@id\":\"http:\/\/lexavis.fr\/#organization\",\"name\":\"Lexavis\",\"url\":\"http:\/\/lexavis.fr\/\",\"logo\":{\"@type\":\"ImageObject\",\"inLanguage\":\"fr-FR\",\"@id\":\"http:\/\/lexavis.fr\/#\/schema\/logo\/image\/\",\"url\":\"https:\/\/lexavis.fr\/wp-content\/uploads\/2025\/12\/ChatGPT-Image-28-dec.-2025-21_18_40-2-e1767384979820.png\",\"contentUrl\":\"https:\/\/lexavis.fr\/wp-content\/uploads\/2025\/12\/ChatGPT-Image-28-dec.-2025-21_18_40-2-e1767384979820.png\",\"width\":160,\"height\":107,\"caption\":\"Lexavis\"},\"image\":{\"@id\":\"http:\/\/lexavis.fr\/#\/schema\/logo\/image\/\"}}]}<\/script>\n<!-- \/ Yoast SEO plugin. -->","yoast_head_json":{"title":"Politique de confidentialit\u00e9 - Lexavis","robots":{"index":"index","follow":"follow","max-snippet":"max-snippet:-1","max-image-preview":"max-image-preview:large","max-video-preview":"max-video-preview:-1"},"canonical":"http:\/\/lexavis.fr\/index.php\/politique-de-confidentialite\/","og_locale":"fr_FR","og_type":"article","og_title":"Politique de confidentialit\u00e9 - Lexavis","og_url":"http:\/\/lexavis.fr\/index.php\/politique-de-confidentialite\/","og_site_name":"Lexavis","article_modified_time":"2026-01-02T14:29:17+00:00","twitter_card":"summary_large_image","schema":{"@context":"https:\/\/schema.org","@graph":[{"@type":"WebPage","@id":"http:\/\/lexavis.fr\/index.php\/politique-de-confidentialite\/","url":"http:\/\/lexavis.fr\/index.php\/politique-de-confidentialite\/","name":"Politique de confidentialit\u00e9 - Lexavis","isPartOf":{"@id":"http:\/\/lexavis.fr\/#website"},"datePublished":"2026-01-02T14:29:16+00:00","dateModified":"2026-01-02T14:29:17+00:00","breadcrumb":{"@id":"http:\/\/lexavis.fr\/index.php\/politique-de-confidentialite\/#breadcrumb"},"inLanguage":"fr-FR","potentialAction":[{"@type":"ReadAction","target":["http:\/\/lexavis.fr\/index.php\/politique-de-confidentialite\/"]}]},{"@type":"BreadcrumbList","@id":"http:\/\/lexavis.fr\/index.php\/politique-de-confidentialite\/#breadcrumb","itemListElement":[{"@type":"ListItem","position":1,"name":"Accueil","item":"http:\/\/lexavis.fr\/"},{"@type":"ListItem","position":2,"name":"Politique de confidentialit\u00e9"}]},{"@type":"WebSite","@id":"http:\/\/lexavis.fr\/#website","url":"http:\/\/lexavis.fr\/","name":"Lexavis","description":"Assistance administrative et juridique* pour particuliers et entreprises. D\u00e9marches administratives, formalit\u00e9s, documentations, proc\u00e9dures et beaucoup d&#039;atures!","publisher":{"@id":"http:\/\/lexavis.fr\/#organization"},"potentialAction":[{"@type":"SearchAction","target":{"@type":"EntryPoint","urlTemplate":"http:\/\/lexavis.fr\/?s={search_term_string}"},"query-input":{"@type":"PropertyValueSpecification","valueRequired":true,"valueName":"search_term_string"}}],"inLanguage":"fr-FR"},{"@type":"Organization","@id":"http:\/\/lexavis.fr\/#organization","name":"Lexavis","url":"http:\/\/lexavis.fr\/","logo":{"@type":"ImageObject","inLanguage":"fr-FR","@id":"http:\/\/lexavis.fr\/#\/schema\/logo\/image\/","url":"https:\/\/lexavis.fr\/wp-content\/uploads\/2025\/12\/ChatGPT-Image-28-dec.-2025-21_18_40-2-e1767384979820.png","contentUrl":"https:\/\/lexavis.fr\/wp-content\/uploads\/2025\/12\/ChatGPT-Image-28-dec.-2025-21_18_40-2-e1767384979820.png","width":160,"height":107,"caption":"Lexavis"},"image":{"@id":"http:\/\/lexavis.fr\/#\/schema\/logo\/image\/"}}]}},"_links":{"self":[{"href":"https:\/\/lexavis.fr\/index.php\/wp-json\/wp\/v2\/pages\/41","targetHints":{"allow":["GET"]}}],"collection":[{"href":"https:\/\/lexavis.fr\/index.php\/wp-json\/wp\/v2\/pages"}],"about":[{"href":"https:\/\/lexavis.fr\/index.php\/wp-json\/wp\/v2\/types\/page"}],"author":[{"embeddable":true,"href":"https:\/\/lexavis.fr\/index.php\/wp-json\/wp\/v2\/users\/1"}],"replies":[{"embeddable":true,"href":"https:\/\/lexavis.fr\/index.php\/wp-json\/wp\/v2\/comments?post=41"}],"version-history":[{"count":1,"href":"https:\/\/lexavis.fr\/index.php\/wp-json\/wp\/v2\/pages\/41\/revisions"}],"predecessor-version":[{"id":42,"href":"https:\/\/lexavis.fr\/index.php\/wp-json\/wp\/v2\/pages\/41\/revisions\/42"}],"wp:attachment":[{"href":"https:\/\/lexavis.fr\/index.php\/wp-json\/wp\/v2\/media?parent=41"}],"curies":[{"name":"wp","href":"https:\/\/api.w.org\/{rel}","templated":true}]}}