{"id":29,"date":"2026-01-02T14:47:30","date_gmt":"2026-01-02T13:47:30","guid":{"rendered":"https:\/\/lexavis.fr\/?page_id=29"},"modified":"2026-02-11T21:27:00","modified_gmt":"2026-02-11T20:27:00","slug":"contact","status":"publish","type":"page","link":"https:\/\/lexavis.fr\/index.php\/contact\/","title":{"rendered":"Contact"},"content":{"rendered":"\t\t<div data-elementor-type=\"wp-page\" data-elementor-id=\"29\" class=\"elementor elementor-29\">\n\t\t\t\t<div class=\"elementor-element elementor-element-dfd0277 e-flex e-con-boxed e-con e-parent\" data-id=\"dfd0277\" data-element_type=\"container\" data-e-type=\"container\">\n\t\t\t\t\t<div class=\"e-con-inner\">\n\t\t\t\t<div class=\"elementor-element elementor-element-3819755 elementor-widget elementor-widget-formidable\" data-id=\"3819755\" data-element_type=\"widget\" data-e-type=\"widget\" data-widget_type=\"formidable.default\">\n\t\t\t\t<div class=\"elementor-widget-container\">\n\t\t\t\t\t<div class=\"frm_forms  with_frm_style frm_style_style-formidable\" id=\"frm_form_2_container\" data-token=\"b2d428244b57795e658291e09e18fa66\">\n<form enctype=\"multipart\/form-data\" method=\"post\" class=\"frm-show-form \" id=\"form_contact\" data-token=\"b2d428244b57795e658291e09e18fa66\">\n<div class=\"frm_form_fields \">\n<fieldset>\n<legend class=\"frm_screen_reader\">Contact<\/legend>\r\n\r\n<div class=\"frm_fields_container\">\n<input type=\"hidden\" name=\"frm_action\" value=\"create\" \/>\n<input type=\"hidden\" name=\"form_id\" value=\"2\" \/>\n<input type=\"hidden\" name=\"frm_hide_fields_2\" id=\"frm_hide_fields_2\" value=\"\" \/>\n<input type=\"hidden\" name=\"form_key\" value=\"contact\" \/>\n<input type=\"hidden\" name=\"item_meta[0]\" value=\"\" \/>\n<input type=\"hidden\" id=\"frm_submit_entry_2\" name=\"frm_submit_entry_2\" value=\"9651a22a44\" \/><input type=\"hidden\" name=\"_wp_http_referer\" value=\"\/index.php\/wp-json\/wp\/v2\/pages\/29\" \/><div id=\"frm_field_7_container\" class=\"frm_form_field form-field  frm_required_field frm_top_container\">\r\n\t<label for=\"field_3enlk\" id=\"field_3enlk_label\" class=\"frm_primary_label\">Pr\u00e9nom\r\n\t\t<span class=\"frm_required\" aria-hidden=\"true\">*<\/span>\r\n\t<\/label>\r\n\t<input type=\"text\" id=\"field_3enlk\" name=\"item_meta[7]\" value=\"\"  data-reqmsg=\"Pr\u00e9nom ne peut pas \u00eatre vide.\" aria-required=\"true\" data-invmsg=\"Pr\u00e9nom est non valide\" aria-invalid=\"false\"  \/>\r\n\t\r\n\t\r\n<\/div>\n<div id=\"frm_field_8_container\" class=\"frm_form_field form-field  frm_required_field frm_top_container\">\r\n\t<label for=\"field_u4pk6\" id=\"field_u4pk6_label\" class=\"frm_primary_label\">Nom\r\n\t\t<span class=\"frm_required\" aria-hidden=\"true\">*<\/span>\r\n\t<\/label>\r\n\t<input type=\"text\" id=\"field_u4pk6\" name=\"item_meta[8]\" value=\"\"  data-reqmsg=\"Nom ne peut pas \u00eatre vide.\" aria-required=\"true\" data-invmsg=\"Nom est non valide\" aria-invalid=\"false\"  \/>\r\n\t\r\n\t\r\n<\/div>\n<div id=\"frm_field_10_container\" class=\"frm_form_field form-field  frm_required_field frm_top_container frm12 frm_first\">\r\n\t<label for=\"field_nfh24\" id=\"field_nfh24_label\" class=\"frm_primary_label\">E-mail\r\n\t\t<span class=\"frm_required\" aria-hidden=\"true\">*<\/span>\r\n\t<\/label>\r\n\t<input type=\"email\" id=\"field_nfh24\" name=\"item_meta[10]\" value=\"\"  data-reqmsg=\"E-mail ne peut pas \u00eatre vide.\" aria-required=\"true\" data-invmsg=\"E-mail est non valide\" aria-invalid=\"false\"  \/>\r\n\t\r\n\t\r\n<\/div>\n<div id=\"frm_field_11_container\" class=\"frm_form_field form-field  frm_required_field frm_top_container frm12 frm_first\">\r\n\t<label for=\"field_tfx8a\" id=\"field_tfx8a_label\" class=\"frm_primary_label\">Objet de votre demande\r\n\t\t<span class=\"frm_required\" aria-hidden=\"true\">*<\/span>\r\n\t<\/label>\r\n\t<input type=\"text\" id=\"field_tfx8a\" name=\"item_meta[11]\" value=\"\"  data-reqmsg=\"Objet de votre demande ne peut pas \u00eatre vide.\" aria-required=\"true\" data-invmsg=\"Objet de votre demande est non valide\" aria-invalid=\"false\"  \/>\r\n\t\r\n\t\r\n<\/div>\n<div id=\"frm_field_12_container\" class=\"frm_form_field form-field  frm_required_field frm_top_container\">\r\n\t<label for=\"field_8ut2w\" id=\"field_8ut2w_label\" class=\"frm_primary_label\">Message\r\n\t\t<span class=\"frm_required\" aria-hidden=\"true\">*<\/span>\r\n\t<\/label>\r\n\t<textarea name=\"item_meta[12]\" id=\"field_8ut2w\" rows=\"5\"  data-reqmsg=\"Message ne peut pas \u00eatre vide.\" aria-required=\"true\" data-invmsg=\"Message est non valide\" aria-invalid=\"false\"  ><\/textarea>\r\n\t\r\n\t\r\n<\/div>\n<div id=\"frm_field_15_container\" class=\"frm_form_field form-field  frm_required_field frm_none_container vertical_radio\">\r\n\t<div  id=\"field_ai1mp_label\" class=\"frm_primary_label\">\r\n\t\t<span class=\"frm_required\" aria-hidden=\"true\">*<\/span>\r\n\t<\/div>\r\n\t<div class=\"frm_opt_container\" aria-labelledby=\"field_ai1mp_label\" role=\"group\">\t\t<div class=\"frm_checkbox\" id=\"frm_checkbox_15-0\">\t\t\t<label  for=\"field_ai1mp-0\">\n\t\t\t<input type=\"checkbox\" name=\"item_meta[15][]\" id=\"field_ai1mp-0\" value=\"Les informations recueillies via ce formulaire sont enregistr\u00e9es par LEXAVIS afin de r\u00e9pondre \u00e0 votre demande. Elles sont conserv\u00e9es uniquement le temps n\u00e9cessaire au traitement de votre message et ne sont pas transmises \u00e0 des tiers. Pour en savoir plus, consultez notre Politique de confidentialit\u00e9.\"  data-reqmsg=\"Ce champ ne peut pas \u00eatre vide.\" data-invmsg=\"Ce champ est non valide\"   aria-required=\"true\"  \/> Les informations recueillies via ce formulaire sont enregistr\u00e9es par LEXAVIS afin de r\u00e9pondre \u00e0 votre demande. Elles sont conserv\u00e9es uniquement le temps n\u00e9cessaire au traitement de votre message et ne sont pas transmises \u00e0 des tiers. Pour en savoir plus, consultez notre Politique de confidentialit\u00e9.<\/label><\/div>\n<\/div>\r\n\t\r\n\t\r\n<\/div>\n<div id=\"frm_field_6_container\" class=\"frm_form_field form-field  frm12 frm_first\">\r\n\t<div class=\"frm_submit frm_flex\">\r\n<button class=\"frm_button_submit\" type=\"submit\"  >Envoyer<\/button>\r\n\r\n\r\n\r\n<\/div>\r\n<\/div>\n\t<input type=\"hidden\" name=\"item_key\" value=\"\" \/>\n\t\t\t<div id=\"frm_field_16_container\">\n\t\t\t<label for=\"field_iizgk\" >\n\t\t\t\tSi vous \u00eates un humain, ne remplissez pas ce champ.\t\t\t<\/label>\n\t\t\t<input  id=\"field_iizgk\" type=\"text\" class=\"frm_form_field form-field frm_verify\" name=\"item_meta[16]\" value=\"\"  \/>\n\t\t<\/div>\n\t\t<input name=\"frm_state\" type=\"hidden\" value=\"mW9Y\/cW8L2BKRWBDORviLdGhO8JVa9WF+Eq\/SJ17TWE=\" \/><\/div>\n<\/fieldset>\n<\/div>\n\n<\/form>\n<\/div>\n\t\t\t\t<\/div>\n\t\t\t\t<\/div>\n\t\t\t\t\t<\/div>\n\t\t\t\t<\/div>\n\t\t\t\t<\/div>\n\t\t","protected":false},"excerpt":{"rendered":"<p>Contact Pr\u00e9nom * Nom * E-mail * Objet de votre demande * Message * Envoyer Si vous \u00eates un humain, ne remplissez pas ce champ.<\/p>\n","protected":false},"author":1,"featured_media":0,"parent":0,"menu_order":0,"comment_status":"closed","ping_status":"closed","template":"","meta":{"footnotes":""},"class_list":["post-29","page","type-page","status-publish","hentry","entry"],"yoast_head":"<!-- This site is optimized with the Yoast SEO plugin v27.0 - https:\/\/yoast.com\/product\/yoast-seo-wordpress\/ -->\n<title>Contact - Lexavis<\/title>\n<meta name=\"robots\" content=\"index, follow, max-snippet:-1, max-image-preview:large, max-video-preview:-1\" \/>\n<link rel=\"canonical\" href=\"http:\/\/lexavis.fr\/index.php\/contact\/\" \/>\n<meta property=\"og:locale\" content=\"fr_FR\" \/>\n<meta property=\"og:type\" content=\"article\" \/>\n<meta property=\"og:title\" content=\"Contact - Lexavis\" \/>\n<meta property=\"og:description\" content=\"Contact Pr\u00e9nom * Nom * E-mail * Objet de votre demande * Message * Envoyer Si vous \u00eates un humain, ne remplissez pas ce champ.\" \/>\n<meta property=\"og:url\" content=\"http:\/\/lexavis.fr\/index.php\/contact\/\" \/>\n<meta property=\"og:site_name\" content=\"Lexavis\" \/>\n<meta property=\"article:modified_time\" content=\"2026-02-11T20:27:00+00:00\" \/>\n<meta name=\"twitter:card\" content=\"summary_large_image\" \/>\n<meta name=\"twitter:label1\" content=\"Dur\u00e9e de lecture estim\u00e9e\" \/>\n\t<meta name=\"twitter:data1\" content=\"1 minute\" \/>\n<script type=\"application\/ld+json\" class=\"yoast-schema-graph\">{\"@context\":\"https:\/\/schema.org\",\"@graph\":[{\"@type\":\"WebPage\",\"@id\":\"http:\/\/lexavis.fr\/index.php\/contact\/\",\"url\":\"http:\/\/lexavis.fr\/index.php\/contact\/\",\"name\":\"Contact - Lexavis\",\"isPartOf\":{\"@id\":\"http:\/\/lexavis.fr\/#website\"},\"datePublished\":\"2026-01-02T13:47:30+00:00\",\"dateModified\":\"2026-02-11T20:27:00+00:00\",\"breadcrumb\":{\"@id\":\"http:\/\/lexavis.fr\/index.php\/contact\/#breadcrumb\"},\"inLanguage\":\"fr-FR\",\"potentialAction\":[{\"@type\":\"ReadAction\",\"target\":[\"http:\/\/lexavis.fr\/index.php\/contact\/\"]}]},{\"@type\":\"BreadcrumbList\",\"@id\":\"http:\/\/lexavis.fr\/index.php\/contact\/#breadcrumb\",\"itemListElement\":[{\"@type\":\"ListItem\",\"position\":1,\"name\":\"Accueil\",\"item\":\"http:\/\/lexavis.fr\/\"},{\"@type\":\"ListItem\",\"position\":2,\"name\":\"Contact\"}]},{\"@type\":\"WebSite\",\"@id\":\"http:\/\/lexavis.fr\/#website\",\"url\":\"http:\/\/lexavis.fr\/\",\"name\":\"Lexavis\",\"description\":\"Assistance administrative et juridique* pour particuliers et entreprises. D\u00e9marches administratives, formalit\u00e9s, documentations, proc\u00e9dures et beaucoup d&#039;atures!\",\"publisher\":{\"@id\":\"http:\/\/lexavis.fr\/#organization\"},\"potentialAction\":[{\"@type\":\"SearchAction\",\"target\":{\"@type\":\"EntryPoint\",\"urlTemplate\":\"http:\/\/lexavis.fr\/?s={search_term_string}\"},\"query-input\":{\"@type\":\"PropertyValueSpecification\",\"valueRequired\":true,\"valueName\":\"search_term_string\"}}],\"inLanguage\":\"fr-FR\"},{\"@type\":\"Organization\",\"@id\":\"http:\/\/lexavis.fr\/#organization\",\"name\":\"Lexavis\",\"url\":\"http:\/\/lexavis.fr\/\",\"logo\":{\"@type\":\"ImageObject\",\"inLanguage\":\"fr-FR\",\"@id\":\"http:\/\/lexavis.fr\/#\/schema\/logo\/image\/\",\"url\":\"https:\/\/lexavis.fr\/wp-content\/uploads\/2025\/12\/ChatGPT-Image-28-dec.-2025-21_18_40-2-e1767384979820.png\",\"contentUrl\":\"https:\/\/lexavis.fr\/wp-content\/uploads\/2025\/12\/ChatGPT-Image-28-dec.-2025-21_18_40-2-e1767384979820.png\",\"width\":160,\"height\":107,\"caption\":\"Lexavis\"},\"image\":{\"@id\":\"http:\/\/lexavis.fr\/#\/schema\/logo\/image\/\"}}]}<\/script>\n<!-- \/ Yoast SEO plugin. -->","yoast_head_json":{"title":"Contact - Lexavis","robots":{"index":"index","follow":"follow","max-snippet":"max-snippet:-1","max-image-preview":"max-image-preview:large","max-video-preview":"max-video-preview:-1"},"canonical":"http:\/\/lexavis.fr\/index.php\/contact\/","og_locale":"fr_FR","og_type":"article","og_title":"Contact - Lexavis","og_description":"Contact Pr\u00e9nom * Nom * E-mail * Objet de votre demande * Message * Envoyer Si vous \u00eates un humain, ne remplissez pas ce champ.","og_url":"http:\/\/lexavis.fr\/index.php\/contact\/","og_site_name":"Lexavis","article_modified_time":"2026-02-11T20:27:00+00:00","twitter_card":"summary_large_image","twitter_misc":{"Dur\u00e9e de lecture estim\u00e9e":"1 minute"},"schema":{"@context":"https:\/\/schema.org","@graph":[{"@type":"WebPage","@id":"http:\/\/lexavis.fr\/index.php\/contact\/","url":"http:\/\/lexavis.fr\/index.php\/contact\/","name":"Contact - Lexavis","isPartOf":{"@id":"http:\/\/lexavis.fr\/#website"},"datePublished":"2026-01-02T13:47:30+00:00","dateModified":"2026-02-11T20:27:00+00:00","breadcrumb":{"@id":"http:\/\/lexavis.fr\/index.php\/contact\/#breadcrumb"},"inLanguage":"fr-FR","potentialAction":[{"@type":"ReadAction","target":["http:\/\/lexavis.fr\/index.php\/contact\/"]}]},{"@type":"BreadcrumbList","@id":"http:\/\/lexavis.fr\/index.php\/contact\/#breadcrumb","itemListElement":[{"@type":"ListItem","position":1,"name":"Accueil","item":"http:\/\/lexavis.fr\/"},{"@type":"ListItem","position":2,"name":"Contact"}]},{"@type":"WebSite","@id":"http:\/\/lexavis.fr\/#website","url":"http:\/\/lexavis.fr\/","name":"Lexavis","description":"Assistance administrative et juridique* pour particuliers et entreprises. D\u00e9marches administratives, formalit\u00e9s, documentations, proc\u00e9dures et beaucoup d&#039;atures!","publisher":{"@id":"http:\/\/lexavis.fr\/#organization"},"potentialAction":[{"@type":"SearchAction","target":{"@type":"EntryPoint","urlTemplate":"http:\/\/lexavis.fr\/?s={search_term_string}"},"query-input":{"@type":"PropertyValueSpecification","valueRequired":true,"valueName":"search_term_string"}}],"inLanguage":"fr-FR"},{"@type":"Organization","@id":"http:\/\/lexavis.fr\/#organization","name":"Lexavis","url":"http:\/\/lexavis.fr\/","logo":{"@type":"ImageObject","inLanguage":"fr-FR","@id":"http:\/\/lexavis.fr\/#\/schema\/logo\/image\/","url":"https:\/\/lexavis.fr\/wp-content\/uploads\/2025\/12\/ChatGPT-Image-28-dec.-2025-21_18_40-2-e1767384979820.png","contentUrl":"https:\/\/lexavis.fr\/wp-content\/uploads\/2025\/12\/ChatGPT-Image-28-dec.-2025-21_18_40-2-e1767384979820.png","width":160,"height":107,"caption":"Lexavis"},"image":{"@id":"http:\/\/lexavis.fr\/#\/schema\/logo\/image\/"}}]}},"_links":{"self":[{"href":"https:\/\/lexavis.fr\/index.php\/wp-json\/wp\/v2\/pages\/29","targetHints":{"allow":["GET"]}}],"collection":[{"href":"https:\/\/lexavis.fr\/index.php\/wp-json\/wp\/v2\/pages"}],"about":[{"href":"https:\/\/lexavis.fr\/index.php\/wp-json\/wp\/v2\/types\/page"}],"author":[{"embeddable":true,"href":"https:\/\/lexavis.fr\/index.php\/wp-json\/wp\/v2\/users\/1"}],"replies":[{"embeddable":true,"href":"https:\/\/lexavis.fr\/index.php\/wp-json\/wp\/v2\/comments?post=29"}],"version-history":[{"count":4,"href":"https:\/\/lexavis.fr\/index.php\/wp-json\/wp\/v2\/pages\/29\/revisions"}],"predecessor-version":[{"id":138,"href":"https:\/\/lexavis.fr\/index.php\/wp-json\/wp\/v2\/pages\/29\/revisions\/138"}],"wp:attachment":[{"href":"https:\/\/lexavis.fr\/index.php\/wp-json\/wp\/v2\/media?parent=29"}],"curies":[{"name":"wp","href":"https:\/\/api.w.org\/{rel}","templated":true}]}}