{"id":25,"date":"2026-01-02T14:43:29","date_gmt":"2026-01-02T13:43:29","guid":{"rendered":"https:\/\/lexavis.fr\/?page_id=25"},"modified":"2026-01-04T14:09:43","modified_gmt":"2026-01-04T13:09:43","slug":"mentions-legales","status":"publish","type":"page","link":"https:\/\/lexavis.fr\/index.php\/mentions-legales\/","title":{"rendered":"Mentions l\u00e9gales"},"content":{"rendered":"\n<p>Conform\u00e9ment aux dispositions des articles 6-III et 19 de la Loi n\u00b02004-575 du 21 juin 2004 pour la Confiance dans l\u2019\u00c9conomie Num\u00e9rique (LCEN), il est pr\u00e9cis\u00e9 aux utilisateurs du site l\u2019identit\u00e9 des diff\u00e9rents intervenants.<\/p>\n\n\n\n<h3 class=\"wp-block-heading\">\u00c9diteur du site<\/h3>\n\n\n\n<p><\/p>\n\n\n\n<p>L&rsquo;\u00e9diteur du site est Patricia Eppell\u00e9 EI.<\/p>\n\n\n\n<p><strong>Nom commercial :<\/strong> Lexavis<br><strong>Num\u00e9ro SIRET :<\/strong> 995 373 958 00017<br><strong>Code APE :<\/strong> 8211Z<br><strong>Adresse du si\u00e8ge social :<\/strong><br>18 lotissement Les Lini\u00e8res<br>57580 R\u00e9milly<br>France<\/p>\n\n\n\n<p><strong>Contact :<\/strong> contact@lexavis.fr   ou 0666704675<\/p>\n\n\n\n<p><strong>Responsable de la publication :<\/strong> Lexavis<\/p>\n\n\n\n<hr class=\"wp-block-separator has-alpha-channel-opacity\"\/>\n\n\n\n<h3 class=\"wp-block-heading\">H\u00e9bergement du site<\/h3>\n\n\n\n<p>Le site est h\u00e9berg\u00e9 par :<br><strong>OVH SAS<\/strong><br>2 rue Kellermann<br>59100 Roubaix<br>France<br><strong>T\u00e9l\u00e9phone :<\/strong> 1007<br><strong>Site web :<\/strong> <a>www.ovh.com<\/a><\/p>\n\n\n\n<hr class=\"wp-block-separator has-alpha-channel-opacity\"\/>\n\n\n\n<h3 class=\"wp-block-heading\">Propri\u00e9t\u00e9 intellectuelle<\/h3>\n\n\n\n<p>L\u2019ensemble des contenus pr\u00e9sents sur le site Lexavis (textes, images, graphismes, logo, ic\u00f4nes, etc.) est prot\u00e9g\u00e9 par le droit de la propri\u00e9t\u00e9 intellectuelle.<br>Toute reproduction, repr\u00e9sentation, modification ou adaptation, totale ou partielle, sans autorisation pr\u00e9alable est strictement interdite.<\/p>\n\n\n\n<hr class=\"wp-block-separator has-alpha-channel-opacity\"\/>\n\n\n\n<h3 class=\"wp-block-heading\">Responsabilit\u00e9<\/h3>\n\n\n\n<p>Lexavis s\u2019efforce de fournir sur le site des informations aussi pr\u00e9cises que possible. Toutefois, il ne saurait \u00eatre tenu responsable des omissions, inexactitudes ou carences dans la mise \u00e0 jour des informations.<\/p>\n\n\n\n<p><em><strong>Lexavis n\u2019exerce pas la profession d\u2019avocat et n\u2019est pas habilit\u00e9 \u00e0 fournir des consultations juridiques, des avis juridiques personnalis\u00e9s ni \u00e0 repr\u00e9senter des clients. Les services propos\u00e9s se limitent \u00e0 des prestations d\u2019assistance g\u00e9n\u00e9rale et d\u2019information \u00e0 caract\u00e8re non personnalis\u00e9.<\/strong><\/em><\/p>\n\n\n\n<p><em><strong>En cons\u00e9quence, toute situation n\u00e9cessitant une analyse juridique sp\u00e9cifique ou une prise de position sur un cas particulier rel\u00e8ve de la comp\u00e9tence exclusive d\u2019un avocat, que le client est express\u00e9ment invit\u00e9 \u00e0 consulter.<\/strong><\/em><\/p>\n\n\n\n<hr class=\"wp-block-separator has-alpha-channel-opacity\"\/>\n\n\n\n<h3 class=\"wp-block-heading\">Donn\u00e9es personnelles<\/h3>\n\n\n\n<p>Les informations \u00e9ventuellement recueillies via le site sont destin\u00e9es exclusivement \u00e0 Lexavis et ne sont en aucun cas c\u00e9d\u00e9es \u00e0 des tiers.<br>Conform\u00e9ment \u00e0 la r\u00e9glementation applicable (RGPD et loi Informatique et Libert\u00e9s), l\u2019utilisateur dispose d\u2019un droit d\u2019acc\u00e8s, de rectification et de suppression des donn\u00e9es le concernant.<\/p>\n\n\n\n<p>Pour plus d&rsquo;information, veuillez consulter la Politique de confidentialit\u00e9 du site.<\/p>\n\n\n\n<hr class=\"wp-block-separator has-alpha-channel-opacity\"\/>\n\n\n\n<h3 class=\"wp-block-heading\">Cookies<\/h3>\n\n\n\n<p>Le site peut \u00eatre amen\u00e9 \u00e0 utiliser des cookies afin d\u2019am\u00e9liorer l\u2019exp\u00e9rience utilisateur et r\u00e9aliser des statistiques de navigation.<\/p>\n\n\n\n<p>L&rsquo;utilisateur en est inform\u00e9 \u00e0 travers la barre de cookies qui s&rsquo;affiche lors de la premi\u00e8re connexion sur le site, puis \u00e0 chaque renouvellement de consentement.<\/p>\n\n\n\n<hr class=\"wp-block-separator has-alpha-channel-opacity\"\/>\n","protected":false},"excerpt":{"rendered":"<p>Conform\u00e9ment aux dispositions des articles 6-III et 19 de la Loi n\u00b02004-575 du 21 juin 2004 pour la Confiance dans l\u2019\u00c9conomie Num\u00e9rique (LCEN), il est pr\u00e9cis\u00e9 aux utilisateurs du site l\u2019identit\u00e9 des diff\u00e9rents intervenants. \u00c9diteur du site L&rsquo;\u00e9diteur du site est Patricia Eppell\u00e9 EI. Nom commercial : LexavisNum\u00e9ro SIRET : 995 373 958 00017Code APE [&hellip;]<\/p>\n","protected":false},"author":1,"featured_media":0,"parent":0,"menu_order":0,"comment_status":"closed","ping_status":"closed","template":"","meta":{"footnotes":""},"class_list":["post-25","page","type-page","status-publish","hentry","entry"],"yoast_head":"<!-- This site is optimized with the Yoast SEO plugin v27.0 - https:\/\/yoast.com\/product\/yoast-seo-wordpress\/ -->\n<title>Mentions l\u00e9gales - Lexavis<\/title>\n<meta name=\"robots\" content=\"index, follow, max-snippet:-1, max-image-preview:large, max-video-preview:-1\" \/>\n<link rel=\"canonical\" href=\"http:\/\/lexavis.fr\/index.php\/mentions-legales\/\" \/>\n<meta property=\"og:locale\" content=\"fr_FR\" \/>\n<meta property=\"og:type\" content=\"article\" \/>\n<meta property=\"og:title\" content=\"Mentions l\u00e9gales - Lexavis\" \/>\n<meta property=\"og:description\" content=\"Conform\u00e9ment aux dispositions des articles 6-III et 19 de la Loi n\u00b02004-575 du 21 juin 2004 pour la Confiance dans l\u2019\u00c9conomie Num\u00e9rique (LCEN), il est pr\u00e9cis\u00e9 aux utilisateurs du site l\u2019identit\u00e9 des diff\u00e9rents intervenants. \u00c9diteur du site L&rsquo;\u00e9diteur du site est Patricia Eppell\u00e9 EI. Nom commercial : LexavisNum\u00e9ro SIRET : 995 373 958 00017Code APE [&hellip;]\" \/>\n<meta property=\"og:url\" content=\"http:\/\/lexavis.fr\/index.php\/mentions-legales\/\" \/>\n<meta property=\"og:site_name\" content=\"Lexavis\" \/>\n<meta property=\"article:modified_time\" content=\"2026-01-04T13:09:43+00:00\" \/>\n<meta name=\"twitter:card\" content=\"summary_large_image\" \/>\n<script type=\"application\/ld+json\" class=\"yoast-schema-graph\">{\"@context\":\"https:\/\/schema.org\",\"@graph\":[{\"@type\":\"WebPage\",\"@id\":\"http:\/\/lexavis.fr\/index.php\/mentions-legales\/\",\"url\":\"http:\/\/lexavis.fr\/index.php\/mentions-legales\/\",\"name\":\"Mentions l\u00e9gales - Lexavis\",\"isPartOf\":{\"@id\":\"http:\/\/lexavis.fr\/#website\"},\"datePublished\":\"2026-01-02T13:43:29+00:00\",\"dateModified\":\"2026-01-04T13:09:43+00:00\",\"breadcrumb\":{\"@id\":\"http:\/\/lexavis.fr\/index.php\/mentions-legales\/#breadcrumb\"},\"inLanguage\":\"fr-FR\",\"potentialAction\":[{\"@type\":\"ReadAction\",\"target\":[\"http:\/\/lexavis.fr\/index.php\/mentions-legales\/\"]}]},{\"@type\":\"BreadcrumbList\",\"@id\":\"http:\/\/lexavis.fr\/index.php\/mentions-legales\/#breadcrumb\",\"itemListElement\":[{\"@type\":\"ListItem\",\"position\":1,\"name\":\"Accueil\",\"item\":\"http:\/\/lexavis.fr\/\"},{\"@type\":\"ListItem\",\"position\":2,\"name\":\"Mentions l\u00e9gales\"}]},{\"@type\":\"WebSite\",\"@id\":\"http:\/\/lexavis.fr\/#website\",\"url\":\"http:\/\/lexavis.fr\/\",\"name\":\"Lexavis\",\"description\":\"Assistance administrative et juridique* pour particuliers et entreprises. D\u00e9marches administratives, formalit\u00e9s, documentations, proc\u00e9dures et beaucoup d&#039;atures!\",\"publisher\":{\"@id\":\"http:\/\/lexavis.fr\/#organization\"},\"potentialAction\":[{\"@type\":\"SearchAction\",\"target\":{\"@type\":\"EntryPoint\",\"urlTemplate\":\"http:\/\/lexavis.fr\/?s={search_term_string}\"},\"query-input\":{\"@type\":\"PropertyValueSpecification\",\"valueRequired\":true,\"valueName\":\"search_term_string\"}}],\"inLanguage\":\"fr-FR\"},{\"@type\":\"Organization\",\"@id\":\"http:\/\/lexavis.fr\/#organization\",\"name\":\"Lexavis\",\"url\":\"http:\/\/lexavis.fr\/\",\"logo\":{\"@type\":\"ImageObject\",\"inLanguage\":\"fr-FR\",\"@id\":\"http:\/\/lexavis.fr\/#\/schema\/logo\/image\/\",\"url\":\"https:\/\/lexavis.fr\/wp-content\/uploads\/2025\/12\/ChatGPT-Image-28-dec.-2025-21_18_40-2-e1767384979820.png\",\"contentUrl\":\"https:\/\/lexavis.fr\/wp-content\/uploads\/2025\/12\/ChatGPT-Image-28-dec.-2025-21_18_40-2-e1767384979820.png\",\"width\":160,\"height\":107,\"caption\":\"Lexavis\"},\"image\":{\"@id\":\"http:\/\/lexavis.fr\/#\/schema\/logo\/image\/\"}}]}<\/script>\n<!-- \/ Yoast SEO plugin. -->","yoast_head_json":{"title":"Mentions l\u00e9gales - Lexavis","robots":{"index":"index","follow":"follow","max-snippet":"max-snippet:-1","max-image-preview":"max-image-preview:large","max-video-preview":"max-video-preview:-1"},"canonical":"http:\/\/lexavis.fr\/index.php\/mentions-legales\/","og_locale":"fr_FR","og_type":"article","og_title":"Mentions l\u00e9gales - Lexavis","og_description":"Conform\u00e9ment aux dispositions des articles 6-III et 19 de la Loi n\u00b02004-575 du 21 juin 2004 pour la Confiance dans l\u2019\u00c9conomie Num\u00e9rique (LCEN), il est pr\u00e9cis\u00e9 aux utilisateurs du site l\u2019identit\u00e9 des diff\u00e9rents intervenants. \u00c9diteur du site L&rsquo;\u00e9diteur du site est Patricia Eppell\u00e9 EI. Nom commercial : LexavisNum\u00e9ro SIRET : 995 373 958 00017Code APE [&hellip;]","og_url":"http:\/\/lexavis.fr\/index.php\/mentions-legales\/","og_site_name":"Lexavis","article_modified_time":"2026-01-04T13:09:43+00:00","twitter_card":"summary_large_image","schema":{"@context":"https:\/\/schema.org","@graph":[{"@type":"WebPage","@id":"http:\/\/lexavis.fr\/index.php\/mentions-legales\/","url":"http:\/\/lexavis.fr\/index.php\/mentions-legales\/","name":"Mentions l\u00e9gales - Lexavis","isPartOf":{"@id":"http:\/\/lexavis.fr\/#website"},"datePublished":"2026-01-02T13:43:29+00:00","dateModified":"2026-01-04T13:09:43+00:00","breadcrumb":{"@id":"http:\/\/lexavis.fr\/index.php\/mentions-legales\/#breadcrumb"},"inLanguage":"fr-FR","potentialAction":[{"@type":"ReadAction","target":["http:\/\/lexavis.fr\/index.php\/mentions-legales\/"]}]},{"@type":"BreadcrumbList","@id":"http:\/\/lexavis.fr\/index.php\/mentions-legales\/#breadcrumb","itemListElement":[{"@type":"ListItem","position":1,"name":"Accueil","item":"http:\/\/lexavis.fr\/"},{"@type":"ListItem","position":2,"name":"Mentions l\u00e9gales"}]},{"@type":"WebSite","@id":"http:\/\/lexavis.fr\/#website","url":"http:\/\/lexavis.fr\/","name":"Lexavis","description":"Assistance administrative et juridique* pour particuliers et entreprises. D\u00e9marches administratives, formalit\u00e9s, documentations, proc\u00e9dures et beaucoup d&#039;atures!","publisher":{"@id":"http:\/\/lexavis.fr\/#organization"},"potentialAction":[{"@type":"SearchAction","target":{"@type":"EntryPoint","urlTemplate":"http:\/\/lexavis.fr\/?s={search_term_string}"},"query-input":{"@type":"PropertyValueSpecification","valueRequired":true,"valueName":"search_term_string"}}],"inLanguage":"fr-FR"},{"@type":"Organization","@id":"http:\/\/lexavis.fr\/#organization","name":"Lexavis","url":"http:\/\/lexavis.fr\/","logo":{"@type":"ImageObject","inLanguage":"fr-FR","@id":"http:\/\/lexavis.fr\/#\/schema\/logo\/image\/","url":"https:\/\/lexavis.fr\/wp-content\/uploads\/2025\/12\/ChatGPT-Image-28-dec.-2025-21_18_40-2-e1767384979820.png","contentUrl":"https:\/\/lexavis.fr\/wp-content\/uploads\/2025\/12\/ChatGPT-Image-28-dec.-2025-21_18_40-2-e1767384979820.png","width":160,"height":107,"caption":"Lexavis"},"image":{"@id":"http:\/\/lexavis.fr\/#\/schema\/logo\/image\/"}}]}},"_links":{"self":[{"href":"https:\/\/lexavis.fr\/index.php\/wp-json\/wp\/v2\/pages\/25","targetHints":{"allow":["GET"]}}],"collection":[{"href":"https:\/\/lexavis.fr\/index.php\/wp-json\/wp\/v2\/pages"}],"about":[{"href":"https:\/\/lexavis.fr\/index.php\/wp-json\/wp\/v2\/types\/page"}],"author":[{"embeddable":true,"href":"https:\/\/lexavis.fr\/index.php\/wp-json\/wp\/v2\/users\/1"}],"replies":[{"embeddable":true,"href":"https:\/\/lexavis.fr\/index.php\/wp-json\/wp\/v2\/comments?post=25"}],"version-history":[{"count":2,"href":"https:\/\/lexavis.fr\/index.php\/wp-json\/wp\/v2\/pages\/25\/revisions"}],"predecessor-version":[{"id":111,"href":"https:\/\/lexavis.fr\/index.php\/wp-json\/wp\/v2\/pages\/25\/revisions\/111"}],"wp:attachment":[{"href":"https:\/\/lexavis.fr\/index.php\/wp-json\/wp\/v2\/media?parent=25"}],"curies":[{"name":"wp","href":"https:\/\/api.w.org\/{rel}","templated":true}]}}